{"id":88,"date":"2025-11-20T17:59:46","date_gmt":"2025-11-20T16:59:46","guid":{"rendered":"https:\/\/www.adabz.it\/?page_id=88"},"modified":"2025-12-09T18:44:14","modified_gmt":"2025-12-09T17:44:14","slug":"la-nostra-storia","status":"publish","type":"page","link":"https:\/\/www.adabz.it\/?page_id=88","title":{"rendered":"Chi siamo"},"content":{"rendered":"<hr \/>\n<p><span style=\"font-family: helvetica, arial, sans-serif; font-size: 14pt;\"><img loading=\"lazy\" decoding=\"async\" class=\"size-medium wp-image-33 alignleft\" src=\"https:\/\/www.adabz.it\/wp-content\/uploads\/2025\/11\/young-old-people-300x200.jpg\" alt=\"\" width=\"300\" height=\"200\" \/>Tutti gli anziani sono una grande risorsa per la nostra comunit\u00e0. <\/span><\/p>\n<p><span style=\"font-family: helvetica, arial, sans-serif; font-size: 14pt;\">Se soli o in stato di disagio vanno ascoltati e aiutati affinch\u00e9 possano ritrovare il loro benessere personale. Vanno accompagnati e sollecitati a rimettere in gioco le loro esperienze di vita e le loro singole potenzialit\u00e0. Devono anche poter vivere il pi\u00f9 a lungo possibile nel loro contesto sociale e arrivare a bussare alle porte dei servizi pubblici territoriali il pi\u00f9 tardi possibile. <\/span><\/p>\n<p><span style=\"font-family: helvetica, arial, sans-serif; font-size: 14pt;\">\u00a0Dobbiamo saperli ascoltare perch\u00e9 sono una risorsa per tutti, ma dobbiamo anche saper interpretare i loro bisogni per poter intervenire subito nel caso avessero bisogno del nostro aiuto o dell\u2019aiuto di altri.<\/span><\/p>\n<p><span style=\"font-family: helvetica, arial, sans-serif; font-size: 14pt;\">E per fare ci\u00f2 abbiamo bisogno del coinvolgimento e della partecipazione attiva di tutti i cittadini. <\/span><\/p>\n<p><span style=\"font-family: helvetica, arial, sans-serif; font-size: 14pt;\">Questa idea \u00e8 la strada maestra della nostra organizzazione che ha pensato di attivarsi nel proporre attivit\u00e0 e servizi che rispondessero a queste esigenze con l&#8217;aiuto fondamentale dei volontari<\/span><\/p>\n<div class='w3eden'><!-- WPDM Link Template: Default Template -->\n\n<div class=\"link-template-default card mb-2\">\n    <div class=\"card-body\">\n        <div class=\"media\">\n            <div class=\"mr-3 img-48\"><img decoding=\"async\" class=\"wpdm_icon\" alt=\"Icona\"   src=\"https:\/\/www.adabz.it\/wp-content\/plugins\/download-manager\/assets\/file-type-icons\/pdf.svg\" \/><\/div>\n            <div class=\"media-body\">\n                <h3 class=\"package-title\"><a href='https:\/\/www.adabz.it\/?wpdmpro=atto-costitutivo'>atto costitutivo<\/a><\/h3>\n                <div class=\"text-muted text-small\"><i class=\"fas fa-copy\"><\/i> 1 file <i class=\"fas fa-hdd ml-3\"><\/i> 2 MB<\/div>\n            <\/div>\n            <div class=\"ml-3\">\n                <a class='wpdm-download-link download-on-click btn btn-primary ' rel='nofollow' href='#' data-downloadurl=\"https:\/\/www.adabz.it\/?wpdmpro=atto-costitutivo&wpdmdl=228&refresh=6a031b0b0716f1778588427\">Download<\/a>\n            <\/div>\n        <\/div>\n    <\/div>\n<\/div>\n\n<\/div>\n<div class='w3eden'><!-- WPDM Link Template: Default Template -->\n\n<div class=\"link-template-default card mb-2\">\n    <div class=\"card-body\">\n        <div class=\"media\">\n            <div class=\"mr-3 img-48\"><img decoding=\"async\" class=\"wpdm_icon\" alt=\"Icona\"   src=\"https:\/\/www.adabz.it\/wp-content\/plugins\/download-manager\/assets\/file-type-icons\/pdf.svg\" \/><\/div>\n            <div class=\"media-body\">\n                <h3 class=\"package-title\"><a href='https:\/\/www.adabz.it\/?wpdmpro=regolamento-interno'>regolamento interno<\/a><\/h3>\n                <div class=\"text-muted text-small\"><i class=\"fas fa-copy\"><\/i> 1 file <i class=\"fas fa-hdd ml-3\"><\/i> 296 KB<\/div>\n            <\/div>\n            <div class=\"ml-3\">\n                <a class='wpdm-download-link download-on-click btn btn-primary ' rel='nofollow' href='#' data-downloadurl=\"https:\/\/www.adabz.it\/?wpdmpro=regolamento-interno&wpdmdl=229&refresh=6a031b0b083bc1778588427\">Download<\/a>\n            <\/div>\n        <\/div>\n    <\/div>\n<\/div>\n\n<\/div>\n<p>Alle \u00e4lteren Menschen sind eine gro\u00dfe Bereicherung f\u00fcr unsere Gemeinschaft.<\/p>\n<p>Wenn sie allein oder in Not sind, muss man ihnen zuh\u00f6ren und ihnen helfen, damit sie ihr pers\u00f6nliches Wohlbefinden wiederfinden k\u00f6nnen. Man muss sie begleiten und dazu ermutigen, ihre Lebenserfahrungen und ihr individuelles Potenzial wieder einzubringen. Sie m\u00fcssen auch so lange wie m\u00f6glich in ihrem sozialen Umfeld leben k\u00f6nnen und so sp\u00e4t wie m\u00f6glich an die T\u00fcren der \u00f6ffentlichen Dienste vor Ort klopfen m\u00fcssen.<\/p>\n<p>Wir m\u00fcssen ihnen zuh\u00f6ren k\u00f6nnen, denn sie sind eine Ressource f\u00fcr alle, aber wir m\u00fcssen auch ihre Bed\u00fcrfnisse interpretieren k\u00f6nnen, um sofort eingreifen zu k\u00f6nnen, wenn sie unsere Hilfe oder die Hilfe anderer ben\u00f6tigen.<\/p>\n<p>Und daf\u00fcr brauchen wir die Einbeziehung und aktive Beteiligung aller B\u00fcrger.<\/p>\n<p>Diese Idee ist der Leitgedanke unserer Organisation, die sich zum Ziel gesetzt hat, mit der unverzichtbaren Hilfe von Freiwilligen Aktivit\u00e4ten und Dienstleistungen anzubieten, die diesen Bed\u00fcrfnissen entsprechen.<\/p>\n","protected":false},"excerpt":{"rendered":"<p>Tutti gli anziani sono una grande risorsa per la nostra comunit\u00e0. Se soli o in stato di disagio vanno ascoltati e aiutati affinch\u00e9 possano ritrovare il loro benessere personale. Vanno accompagnati e sollecitati a rimettere in gioco le loro esperienze di vita e le loro singole potenzialit\u00e0. Devono anche poter [&hellip;]<\/p>\n","protected":false},"author":2,"featured_media":0,"parent":0,"menu_order":0,"comment_status":"closed","ping_status":"closed","template":"","meta":{"_crdt_document":"","jetpack_post_was_ever_published":false,"footnotes":""},"class_list":["post-88","page","type-page","status-publish","hentry","post"],"jetpack_sharing_enabled":true,"_links":{"self":[{"href":"https:\/\/www.adabz.it\/index.php?rest_route=\/wp\/v2\/pages\/88","targetHints":{"allow":["GET"]}}],"collection":[{"href":"https:\/\/www.adabz.it\/index.php?rest_route=\/wp\/v2\/pages"}],"about":[{"href":"https:\/\/www.adabz.it\/index.php?rest_route=\/wp\/v2\/types\/page"}],"author":[{"embeddable":true,"href":"https:\/\/www.adabz.it\/index.php?rest_route=\/wp\/v2\/users\/2"}],"replies":[{"embeddable":true,"href":"https:\/\/www.adabz.it\/index.php?rest_route=%2Fwp%2Fv2%2Fcomments&post=88"}],"version-history":[{"count":10,"href":"https:\/\/www.adabz.it\/index.php?rest_route=\/wp\/v2\/pages\/88\/revisions"}],"predecessor-version":[{"id":439,"href":"https:\/\/www.adabz.it\/index.php?rest_route=\/wp\/v2\/pages\/88\/revisions\/439"}],"wp:attachment":[{"href":"https:\/\/www.adabz.it\/index.php?rest_route=%2Fwp%2Fv2%2Fmedia&parent=88"}],"curies":[{"name":"wp","href":"https:\/\/api.w.org\/{rel}","templated":true}]}}