{"id":517,"date":"2025-12-09T18:38:58","date_gmt":"2025-12-09T17:38:58","guid":{"rendered":"https:\/\/www.adabz.it\/?page_id=517"},"modified":"2026-02-06T09:14:10","modified_gmt":"2026-02-06T08:14:10","slug":"feste","status":"publish","type":"page","link":"https:\/\/www.adabz.it\/?page_id=517","title":{"rendered":"Feste"},"content":{"rendered":"\n<hr class=\"wp-block-separator has-alpha-channel-opacity\"\/>\n\n\n\n<p class=\"has-medium-font-size wp-block-paragraph\">Come ogni anno L&#8217;ADA organizza <\/p>\n\n\n\n<p class=\"has-medium-font-size wp-block-paragraph\"><\/p>\n\n\n\n<ul class=\"wp-block-list\">\n<li class=\"has-medium-font-size\"><strong>FESTE DA BALLO<\/strong><\/li>\n<\/ul>\n\n\n\n<p class=\"has-medium-font-size wp-block-paragraph\">che si terranno presso la <strong>sala Polifunzionale Europa <\/strong>in Via del Ronco a Bolzano con il seguente <strong>orario 14.30 &#8211; 18.30 <\/strong> e verranno effettuate con questo calendario:<\/p>\n\n\n\n<figure class=\"wp-block-table\"><table class=\"has-fixed-layout\"><tbody><tr><td>I\u00b0 SEMESTRE<\/td><td><strong>18 Gennaio<\/strong><\/td><td><strong>01 Febbraio<\/strong><\/td><td><strong>29 Marzo<\/strong><\/td><\/tr><tr><td>II\u00b0 SEMESTRE<\/td><td><strong>18 Ottobre <\/strong>(castagnata)<\/td><td><strong>15 Novembre<\/strong><\/td><td><strong>13 Dicembre<\/strong><\/td><\/tr><\/tbody><\/table><\/figure>\n\n\n\n<p class=\"has-medium-font-size wp-block-paragraph\">La tessera dell&#8217;ADA-VRS d\u00e0 diritto di partecipazione alle feste da ballo organizzate anche dalle associazoni AUSER-VSSH e ANTEA-AGAS. E&#8217; obbligatoria la prenotazione del posto, presso la sede dell&#8217;Associazione . <\/p>\n\n\n\n<p class=\"has-medium-font-size wp-block-paragraph\">Non si accettano prenotazioni per pi\u00f9 di 2 persone.<\/p>\n\n\n\n<div class=\"wp-block-group\"><div class=\"wp-block-group__inner-container is-layout-constrained wp-block-group-is-layout-constrained\">\n<ul class=\"wp-block-list\">\n<li><strong>FESTA di FINE ESTATE<\/strong>  <\/li>\n<\/ul>\n<\/div><\/div>\n\n\n\n<p class=\"has-medium-font-size wp-block-paragraph\">Avr\u00e0   luogo nel piazzale delle feste San Pio X in via Resia a Bolzano. <\/p>\n\n\n\n<p class=\"has-medium-font-size wp-block-paragraph\">La data prevista \u00e8 il 23 AGOSTO 2026.<\/p>\n\n\n\n<p class=\"has-medium-font-size wp-block-paragraph\">La festa avr\u00e0 inizio alle ore 10.30 con il tradizionale benvenuto dell&#8217;associazione e proseguir\u00e0 con il pranzo servito alle 12.30 . Musica e possibilit\u00e0 di ballare. <\/p>\n\n\n\n<p class=\"has-medium-font-size wp-block-paragraph\">La festa si svolger\u00e0 anche in caso di maltempo.<\/p>\n","protected":false},"excerpt":{"rendered":"<p>Come ogni anno L&#8217;ADA organizza che si terranno presso la sala Polifunzionale Europa in Via del Ronco a Bolzano con il seguente orario 14.30 &#8211; 18.30 e verranno effettuate con questo calendario: I\u00b0 SEMESTRE 18 Gennaio 01 Febbraio 29 Marzo II\u00b0 SEMESTRE 18 Ottobre (castagnata) 15 Novembre 13 Dicembre La [&hellip;]<\/p>\n","protected":false},"author":2,"featured_media":0,"parent":80,"menu_order":6,"comment_status":"closed","ping_status":"closed","template":"","meta":{"_crdt_document":"","jetpack_post_was_ever_published":false,"footnotes":""},"class_list":["post-517","page","type-page","status-publish","hentry","post"],"jetpack_sharing_enabled":true,"_links":{"self":[{"href":"https:\/\/www.adabz.it\/index.php?rest_route=\/wp\/v2\/pages\/517","targetHints":{"allow":["GET"]}}],"collection":[{"href":"https:\/\/www.adabz.it\/index.php?rest_route=\/wp\/v2\/pages"}],"about":[{"href":"https:\/\/www.adabz.it\/index.php?rest_route=\/wp\/v2\/types\/page"}],"author":[{"embeddable":true,"href":"https:\/\/www.adabz.it\/index.php?rest_route=\/wp\/v2\/users\/2"}],"replies":[{"embeddable":true,"href":"https:\/\/www.adabz.it\/index.php?rest_route=%2Fwp%2Fv2%2Fcomments&post=517"}],"version-history":[{"count":6,"href":"https:\/\/www.adabz.it\/index.php?rest_route=\/wp\/v2\/pages\/517\/revisions"}],"predecessor-version":[{"id":571,"href":"https:\/\/www.adabz.it\/index.php?rest_route=\/wp\/v2\/pages\/517\/revisions\/571"}],"up":[{"embeddable":true,"href":"https:\/\/www.adabz.it\/index.php?rest_route=\/wp\/v2\/pages\/80"}],"wp:attachment":[{"href":"https:\/\/www.adabz.it\/index.php?rest_route=%2Fwp%2Fv2%2Fmedia&parent=517"}],"curies":[{"name":"wp","href":"https:\/\/api.w.org\/{rel}","templated":true}]}}