{"id":278,"date":"2025-11-28T10:56:27","date_gmt":"2025-11-28T09:56:27","guid":{"rendered":"https:\/\/www.adabz.it\/?page_id=278"},"modified":"2025-12-09T18:45:18","modified_gmt":"2025-12-09T17:45:18","slug":"i-nostri-volontari","status":"publish","type":"page","link":"https:\/\/www.adabz.it\/?page_id=278","title":{"rendered":"I nostri volontari"},"content":{"rendered":"<hr \/>\n<p align=\"justify\"><span style=\"font-family: helvetica, arial, sans-serif; font-size: 14pt;\"><img loading=\"lazy\" decoding=\"async\" class=\"size-medium wp-image-33 alignleft\" src=\"https:\/\/www.adabz.it\/wp-content\/uploads\/2025\/11\/young-old-people-300x200.jpg\" alt=\"\" width=\"300\" height=\"200\" \/>Fare attivamente del volontariato vuol dire mettere a disposizione degli altri il proprio tempo e le proprie energie personali, senza essere costretti a farlo e senza pretendere di ricevere nulla in cambio. N\u00e8 compensi o vantaggi di alcun genere.<\/span><\/p>\n<p align=\"justify\"><span style=\"font-family: helvetica, arial, sans-serif; font-size: 14pt;\">Per molti fare il volontario \u00e8 una scelta personale di vita e un impegno per dare o offrire qualcosa. Per altri vuol dire mettere a disposizione le proprie competenze o abilit\u00e0 specifiche. Per altri ancora significa sentirsi appartenenti ad una comunit\u00e0 che, in un contesto di rete sociale e solidale, cerca di migliorare le condizioni di vita di chi si trova in una situazione di disagio. <\/span><\/p>\n<p align=\"justify\"><span style=\"font-family: helvetica, arial, sans-serif; font-size: 14pt;\">Fare del volontariato pu\u00f2 significare veramente tante cose. Ognuno di noi comunque vive e si sente di fare del volontariato secondo una propria motivazione, una propria dimensione di vita o uno stile molto personale.<\/span><\/p>\n<p align=\"justify\"><span style=\"font-family: helvetica, arial, sans-serif; font-size: 14pt;\">A fine 2024\u00a0 i volontari\u00a0 attivi dell&#8217; ADA sono complessivamente 48\u00a0 e tutti impiegati nei vari servizi offerti dall&#8217;associazione.\u00a0\u00a0<\/span><\/p>\n<hr \/>\n<p>Sich aktiv ehrenamtlich zu engagieren bedeutet, anderen seine Zeit und Energie zur Verf\u00fcgung zu stellen, ohne dazu gezwungen zu sein und ohne daf\u00fcr eine Gegenleistung zu erwarten. Weder Verg\u00fctungen noch Vorteile jeglicher Art.<\/p>\n<p>F\u00fcr viele ist Freiwilligenarbeit eine pers\u00f6nliche Lebensentscheidung und eine Verpflichtung, etwas zu geben oder anzubieten. F\u00fcr andere bedeutet es, ihre spezifischen Kompetenzen oder F\u00e4higkeiten zur Verf\u00fcgung zu stellen. F\u00fcr wieder andere bedeutet es, sich einer Gemeinschaft zugeh\u00f6rig zu f\u00fchlen, die in einem sozialen und solidarischen Netzwerk versucht, die Lebensbedingungen von Menschen in Not zu verbessern.<\/p>\n<p>Freiwilligenarbeit kann wirklich viele Dinge bedeuten. Jeder von uns lebt und empfindet Freiwilligenarbeit jedoch nach seiner eigenen Motivation, seiner eigenen Lebensdimension oder seinem ganz pers\u00f6nlichen Stil.<\/p>\n<p>Ende 2024 gibt es insgesamt 48 aktive Freiwillige bei der ADA, die alle in den verschiedenen Diensten des Vereins eingesetzt sind.<\/p>\n","protected":false},"excerpt":{"rendered":"<p>Fare attivamente del volontariato vuol dire mettere a disposizione degli altri il proprio tempo e le proprie energie personali, senza essere costretti a farlo e senza pretendere di ricevere nulla in cambio. N\u00e8 compensi o vantaggi di alcun genere. Per molti fare il volontario \u00e8 una scelta personale di vita [&hellip;]<\/p>\n","protected":false},"author":2,"featured_media":0,"parent":263,"menu_order":1,"comment_status":"closed","ping_status":"closed","template":"","meta":{"_crdt_document":"","jetpack_post_was_ever_published":false,"footnotes":""},"class_list":["post-278","page","type-page","status-publish","hentry","post"],"jetpack_sharing_enabled":true,"_links":{"self":[{"href":"https:\/\/www.adabz.it\/index.php?rest_route=\/wp\/v2\/pages\/278","targetHints":{"allow":["GET"]}}],"collection":[{"href":"https:\/\/www.adabz.it\/index.php?rest_route=\/wp\/v2\/pages"}],"about":[{"href":"https:\/\/www.adabz.it\/index.php?rest_route=\/wp\/v2\/types\/page"}],"author":[{"embeddable":true,"href":"https:\/\/www.adabz.it\/index.php?rest_route=\/wp\/v2\/users\/2"}],"replies":[{"embeddable":true,"href":"https:\/\/www.adabz.it\/index.php?rest_route=%2Fwp%2Fv2%2Fcomments&post=278"}],"version-history":[{"count":3,"href":"https:\/\/www.adabz.it\/index.php?rest_route=\/wp\/v2\/pages\/278\/revisions"}],"predecessor-version":[{"id":442,"href":"https:\/\/www.adabz.it\/index.php?rest_route=\/wp\/v2\/pages\/278\/revisions\/442"}],"up":[{"embeddable":true,"href":"https:\/\/www.adabz.it\/index.php?rest_route=\/wp\/v2\/pages\/263"}],"wp:attachment":[{"href":"https:\/\/www.adabz.it\/index.php?rest_route=%2Fwp%2Fv2%2Fmedia&parent=278"}],"curies":[{"name":"wp","href":"https:\/\/api.w.org\/{rel}","templated":true}]}}