{"id":263,"date":"2025-11-28T10:06:32","date_gmt":"2025-11-28T09:06:32","guid":{"rendered":"https:\/\/www.adabz.it\/?page_id=263"},"modified":"2026-04-27T12:09:40","modified_gmt":"2026-04-27T10:09:40","slug":"associazione-e-soci","status":"publish","type":"page","link":"https:\/\/www.adabz.it\/?page_id=263","title":{"rendered":"La nostra struttura"},"content":{"rendered":"<hr \/>\n<p align=\"left\"><span style=\"font-size: medium;\"><img loading=\"lazy\" decoding=\"async\" class=\"size-medium wp-image-34 alignnone\" src=\"https:\/\/www.adabz.it\/wp-content\/uploads\/2025\/11\/banner-300x76.jpg\" alt=\"\" width=\"300\" height=\"76\" srcset=\"https:\/\/www.adabz.it\/wp-content\/uploads\/2025\/11\/banner-300x76.jpg 300w, https:\/\/www.adabz.it\/wp-content\/uploads\/2025\/11\/banner.jpg 540w\" sizes=\"auto, (max-width: 300px) 100vw, 300px\" \/><\/span><\/p>\n<p align=\"left\"><span style=\"font-size: 14pt; font-family: helvetica, arial, sans-serif;\">L\u2019 associazione ADA\/VRS:<\/span><\/p>\n<ul>\n<li>\n<p align=\"left\"><span style=\"font-size: 14pt; font-family: helvetica, arial, sans-serif;\">&#8211; \u00e8 iscritta al RUNTS, Registro Nazionale Terzo Settore;<\/span><\/p>\n<\/li>\n<li>\n<p align=\"left\"><span style=\"font-size: 14pt; font-family: helvetica, arial, sans-serif;\">&#8211; \u00e8 iscritta al registro di volontariato del Comune di Bolzano;<\/span><\/p>\n<\/li>\n<li>\n<p align=\"left\"><span style=\"font-size: 14pt; font-family: helvetica, arial, sans-serif;\">&#8211; \u00e8 affiliata alla Rete Associativa dell\u2019ADA Nazionale;<\/span><\/p>\n<\/li>\n<li>\n<p align=\"left\"><span style=\"font-size: 14pt; font-family: helvetica, arial, sans-serif;\">&#8211; \u00e8 affiliata al CSV Odv &#8211; Centro Servizi del Volontariato dell\u2019Alto Adige;<\/span><\/p>\n<\/li>\n<li>\n<p align=\"left\"><span style=\"font-size: 14pt; font-family: helvetica, arial, sans-serif;\">&#8211; \u00e8 affiliata alla<span style=\"color: #000000;\">\u00a0<\/span><span style=\"color: #000000;\">Federazione per il Sociale e la Sanit\u00e0 ODV &#8211; Dachverband f\u00fcr Soziales und Gesundheit EO dell\u2019Alto Adige;<\/span><\/span><\/p>\n<\/li>\n<li>\n<p align=\"left\"><span style=\"color: #000000; font-family: helvetica, arial, sans-serif; font-size: 14pt;\">&#8211; aderisce alla Consulta Anziani del Comune di Bolzano;<\/span><\/p>\n<\/li>\n<li>\n<p align=\"left\"><span style=\"color: #000000; font-family: helvetica, arial, sans-serif; font-size: 14pt;\">&#8211; aderisce alla Rete Anziani di Bolzano ;<\/span><\/p>\n<\/li>\n<li>\n<p align=\"left\"><span style=\"font-size: 14pt; font-family: helvetica, arial, sans-serif;\"><span style=\"color: #000000;\">&#8211; aderisce alla rete <\/span>FoodNet Bolzano.<\/span><\/p>\n<\/li>\n<li>\n<p align=\"left\"><span style=\"font-size: 14pt; font-family: helvetica, arial, sans-serif;\">&#8211; partecipa a progetti anche per la raccolta di fondi<\/span><\/p>\n<\/li>\n<li>\n<p align=\"left\"><span style=\"font-size: 14pt; font-family: helvetica, arial, sans-serif;\">&#8211; stipula accordi, protocolli operativi e\/o convenzioni per lo sviluppo di progetti comuni con enti privati o enti pubblici<\/span><\/p>\n<\/li>\n<li>\n<p align=\"left\"><span style=\"font-size: 14pt;\"><span style=\"font-family: helvetica, arial, sans-serif;\">&#8211; sostiene progetti di volontariato provinciale, volontariato giovanile con le scuole, sostegno al lavoro per pubblica utilit\u00e0<\/span> <\/span><\/p>\n<\/li>\n<\/ul>\n<p>Le iniziative proposte sono sostenute dai soci con il contributo dell&#8217;Ufficio Anziani e Distretti Sociali della Provincia di Bolzano e Ufficio Anziani Assessorato alle\u00a0 Politiche Sociali del comune di Bolzano e con il patrocinio del Comune di Bolzano.<\/p>\n","protected":false},"excerpt":{"rendered":"<p>L\u2019 associazione ADA\/VRS: &#8211; \u00e8 iscritta al RUNTS, Registro Nazionale Terzo Settore; &#8211; \u00e8 iscritta al registro di volontariato del Comune di Bolzano; &#8211; \u00e8 affiliata alla Rete Associativa dell\u2019ADA Nazionale; &#8211; \u00e8 affiliata al CSV Odv &#8211; Centro Servizi del Volontariato dell\u2019Alto Adige; &#8211; \u00e8 affiliata alla\u00a0Federazione per il [&hellip;]<\/p>\n","protected":false},"author":2,"featured_media":0,"parent":0,"menu_order":2,"comment_status":"closed","ping_status":"closed","template":"","meta":{"_crdt_document":"{\"document\":\"AAAG+K3ZkQsLCwgoilkABgIBAgpKAB0oAycABAAnAAQAJwAoBCcAKAEnAAcAKAMnACgAJ6YZ\/RhzdGF0ZXZlcnNpb25kb2N1bWVudGRhdGVkb2N1bWVudHNsdWdkb2N1bWVudHN0YXR1c2RvY3VtZW50dGl0bGVMYSBub3N0cmEgc3RydXR0dXJhZG9jdW1lbnRjb250ZW50PGhyIC8+CjxwIGFsaWduPSJsZWZ0Ij48c3BhbiBzdHlsZT0iZm9udC1zaXplOiBtZWRpdW07Ij48aW1nIGNsYXNzPSJzaXplLW1lZGl1bSB3cC1pbWFnZS0zNCBhbGlnbm5vbmUiIHNyYz0iaHR0cHM6Ly93d3cuYWRhYnouaXQvd3AtY29udGVudC91cGxvYWRzLzIwMjUvMTEvYmFubmVyLTMwMHg3Ni5qcGciIGFsdD0iIiB3aWR0aD0iMzAwIiBoZWlnaHQ9Ijc2IiAvPjwvc3Bhbj48L3A+CjxwIGFsaWduPSJsZWZ0Ij48c3BhbiBzdHlsZT0iZm9udC1zaXplOiAxNHB0OyBmb250LWZhbWlseTogaGVsdmV0aWNhLCBhcmlhbCwgc2Fucy1zZXJpZjsiPkzigJkgYXNzb2NpYXppb25lIEFEQS9WUlM6PC9zcGFuPjwvcD4KCjx1bD4KIAk8bGk+CjxwIGFsaWduPSJsZWZ0Ij48c3BhbiBzdHlsZT0iZm9udC1zaXplOiAxNHB0OyBmb250LWZhbWlseTogaGVsdmV0aWNhLCBhcmlhbCwgc2Fucy1zZXJpZjsiPi0gw6ggaXNjcml0dGEgYWwgUlVOVFMsIFJlZ2lzdHJvIE5hemlvbmFsZSBUZXJ6byBTZXR0b3JlOzwvc3Bhbj48L3A+CjwvbGk+CiAJPGxpPgo8cCBhbGlnbj0ibGVmdCI+PHNwYW4gc3R5bGU9ImZvbnQtc2l6ZTogMTRwdDsgZm9udC1mYW1pbHk6IGhlbHZldGljYSwgYXJpYWwsIHNhbnMtc2VyaWY7Ij4tIMOoIGlzY3JpdHRhIGFsIHJlZ2lzdHJvIGRpIHZvbG9udGFyaWF0byBkZWwgQ29tdW5lIGRpIEJvbHphbm87PC9zcGFuPjwvcD4KPC9saT4KIAk8bGk+CjxwIGFsaWduPSJsZWZ0Ij48c3BhbiBzdHlsZT0iZm9udC1zaXplOiAxNHB0OyBmb250LWZhbWlseTogaGVsdmV0aWNhLCBhcmlhbCwgc2Fucy1zZXJpZjsiPi0gw6ggYWZmaWxpYXRhIGFsbGEgUmV0ZSBBc3NvY2lhdGl2YSBkZWxs4oCZQURBIE5hemlvbmFsZTs8L3NwYW4+PC9wPgo8L2xpPgogCTxsaT4KPHAgYWxpZ249ImxlZnQiPjxzcGFuIHN0eWxlPSJmb250LXNpemU6IDE0cHQ7IGZvbnQtZmFtaWx5OiBoZWx2ZXRpY2EsIGFyaWFsLCBzYW5zLXNlcmlmOyI+LSDDqCBhZmZpbGlhdGEgYWwgQ1NWIE9kdiAtIENlbnRybyBTZXJ2aXppIGRlbCBWb2xvbnRhcmlhdG8gZGVsbOKAmUFsdG8gQWRpZ2U7PC9zcGFuPjwvcD4KPC9saT4KIAk8bGk+CjxwIGFsaWduPSJsZWZ0Ij48c3BhbiBzdHlsZT0iZm9udC1zaXplOiAxNHB0OyBmb250LWZhbWlseTogaGVsdmV0aWNhLCBhcmlhbCwgc2Fucy1zZXJpZjsiPi0gw6ggYWZmaWxpYXRhIGFsbGE8c3BhbiBzdHlsZT0iY29sb3I6ICMwMDAwMDA7Ij7CoDwvc3Bhbj48c3BhbiBzdHlsZT0iY29sb3I6ICMwMDAwMDA7Ij5GZWRlcmF6aW9uZSBwZXIgaWwgU29jaWFsZSBlIGxhIFNhbml0w6AgT0RWIC0gRGFjaHZlcmJhbmQgZsO8ciBTb3ppYWxlcyB1bmQgR2VzdW5kaGVpdCBFTyBkZWxs4oCZQWx0byBBZGlnZTs8L3NwYW4+PC9zcGFuPjwvcD4KPC9saT4KIAk8bGk+CjxwIGFsaWduPSJsZWZ0Ij48c3BhbiBzdHlsZT0iY29sb3I6ICMwMDAwMDA7IGZvbnQtZmFtaWx5OiBoZWx2ZXRpY2EsIGFyaWFsLCBzYW5zLXNlcmlmOyBmb250LXNpemU6IDE0cHQ7Ij4tIGFkZXJpc2NlIGFsbGEgQ29uc3VsdGEgQW56aWFuaSBkZWwgQ29tdW5lIGRpIEJvbHphbm87PC9zcGFuPjwvcD4KPC9saT4KIAk8bGk+CjxwIGFsaWduPSJsZWZ0Ij48c3BhbiBzdHlsZT0iY29sb3I6ICMwMDAwMDA7IGZvbnQtZmFtaWx5OiBoZWx2ZXRpY2EsIGFyaWFsLCBzYW5zLXNlcmlmOyBmb250LXNpemU6IDE0cHQ7Ij4tIGFkZXJpc2NlIGFsbGEgUmV0ZSBBbnppYW5pIGRpIEJvbHphbm8gOzwvc3Bhbj48L3A+CjwvbGk+CiAJPGxpPgo8cCBhbGlnbj0ibGVmdCI+PHNwYW4gc3R5bGU9ImZvbnQtc2l6ZTogMTRwdDsgZm9udC1mYW1pbHk6IGhlbHZldGljYSwgYXJpYWwsIHNhbnMtc2VyaWY7Ij48c3BhbiBzdHlsZT0iY29sb3I6ICMwMDAwMDA7Ij4tIGFkZXJpc2NlIGFsbGEgcmV0ZSA8L3NwYW4+Rm9vZE5ldCBCb2x6YW5vLjwvc3Bhbj48L3A+CjwvbGk+CiAJPGxpPgo8cCBhbGlnbj0ibGVmdCI+PHNwYW4gc3R5bGU9ImZvbnQtc2l6ZTogMTRwdDsgZm9udC1mYW1pbHk6IGhlbHZldGljYSwgYXJpYWwsIHNhbnMtc2VyaWY7Ij4tIHBhcnRlY2lwYSBhIHByb2dldHRpIGFuY2hlIHBlciBsYSByYWNjb2x0YSBkaSBmb25kaTwvc3Bhbj48L3A+CjwvbGk+CiAJPGxpPgo8cCBhbGlnbj0ibGVmdCI+PHNwYW4gc3R5bGU9ImZvbnQtc2l6ZTogMTRwdDsgZm9udC1mYW1pbHk6IGhlbHZldGljYSwgYXJpYWwsIHNhbnMtc2VyaWY7Ij4tIHN0aXB1bGEgYWNjb3JkaSwgcHJvdG9jb2xsaSBvcGVyYXRpdmkgZS9vIGNvbnZlbnppb25pIHBlciBsbyBzdmlsdXBwbyBkaSBwcm9nZXR0aSBjb211bmkgY29uIGVudGkgcHJpdmF0aSBvIGVudGkgcHViYmxpY2k8L3NwYW4+PC9wPgo8L2xpPgogCTxsaT4KPHAgYWxpZ249ImxlZnQiPjxzcGFuIHN0eWxlPSJmb250LXNpemU6IDE0cHQ7Ij48c3BhbiBzdHlsZT0iZm9udC1mYW1pbHk6IGhlbHZldGljYSwgYXJpYWwsIHNhbnMtc2VyaWY7Ij4tIHNvc3RpZW5lIHByb2dldHRpIGRpIHZvbG9udGFyaWF0byBwcm92aW5jaWFsZSwgdm9sb250YXJpYXRvIGdpb3ZhbmlsZSBjb24gbGUgc2N1b2xlLCBzb3N0ZWdubyBhbCBsYXZvcm8gcGVyIHB1YmJsaWNhIHV0aWxpdMOgPC9zcGFuPiA8L3NwYW4+PC9wPgo8L2xpPgo8L3VsPgpMZSBpbml6aWF0aXZlIHByb3Bvc3RlIHNvbm8gc29zdGVudXRlIGRhaSBzb2NpIGNvbiBpbCBjb250cmlidXRvIGRlbGwnVWZmaWNpbyBBbnppYW5pIGUgRGlzdHJldHRpIFNvY2lhbGkgZGVsbGEgUHJvdmluY2lhIGRpIEJvbHphbm8gZSBVZmZpY2lvIEFuemlhbmkgQXNzZXNzb3JhdG8gYWxsZcKgIFBvbGl0aWNoZSBTb2NpYWxpIGRlbCBjb211bmUgZGkgQm9semFubyBlIGNvbiBpbCBwYXRyb2NpbmlvIGRlbCBDb211bmUgZGkgQm9semFuby5kb2N1bWVudGV4Y2VycHRkb2N1bWVudGF1dGhvcmRvY3VtZW50ZmVhdHVyZWRfbWVkaWFkb2N1bWVudGNvbW1lbnRfc3RhdHVzZG9jdW1lbnRwaW5nX3N0YXR1c2RvY3VtZW50dGVtcGxhdGVkb2N1bWVudG1ldGFqZXRwYWNrX3Bvc3Rfd2FzX2V2ZXJfcHVibGlzaGVkZm9vdG5vdGVzZG9jdW1lbnRibG9ja3NjbGllbnRJZGlzVmFsaWRvcmlnaW5hbENvbnRlbnRuYW1lYXR0cmlidXRlc2NvbnRlbnRpbm5lckJsb2NrcwUHCAQIBAgGCAUTCAeeLAgHCAYIDggOCAtIAQQfCQgGCAcPBAoHCw8BBAAAAQAAAAEGAAEBAAAHQgEBAEEAAAJBDgEaAH0BdxMyMDI1LTExLTI4VDEwOjA2OjMydxNhc3NvY2lhemlvbmUtZS1zb2NpdwdwdWJsaXNofQJ9AHcGY2xvc2VkdwZjbG9zZWR3AHl3AHckMGNkMWE1MTgtMjRhYi00YWUwLWEzYmQtYzFkMDlkYmQ2YjFieHegFjxociAvPgo8cCBhbGlnbj0ibGVmdCI+PHNwYW4gc3R5bGU9ImZvbnQtc2l6ZTogbWVkaXVtOyI+PGltZyBjbGFzcz0ic2l6ZS1tZWRpdW0gd3AtaW1hZ2UtMzQgYWxpZ25ub25lIiBzcmM9Imh0dHBzOi8vd3d3LmFkYWJ6Lml0L3dwLWNvbnRlbnQvdXBsb2Fkcy8yMDI1LzExL2Jhbm5lci0zMDB4NzYuanBnIiBhbHQ9IiIgd2lkdGg9IjMwMCIgaGVpZ2h0PSI3NiIgLz48L3NwYW4+PC9wPgo8cCBhbGlnbj0ibGVmdCI+PHNwYW4gc3R5bGU9ImZvbnQtc2l6ZTogMTRwdDsgZm9udC1mYW1pbHk6IGhlbHZldGljYSwgYXJpYWwsIHNhbnMtc2VyaWY7Ij5M4oCZIGFzc29jaWF6aW9uZSBBREEvVlJTOjwvc3Bhbj48L3A+Cjx1bD4KPGxpPgo8cCBhbGlnbj0ibGVmdCI+PHNwYW4gc3R5bGU9ImZvbnQtc2l6ZTogMTRwdDsgZm9udC1mYW1pbHk6IGhlbHZldGljYSwgYXJpYWwsIHNhbnMtc2VyaWY7Ij4tIMOoIGlzY3JpdHRhIGFsIFJVTlRTLCBSZWdpc3RybyBOYXppb25hbGUgVGVyem8gU2V0dG9yZTs8L3NwYW4+PC9wPgo8L2xpPgo8bGk+CjxwIGFsaWduPSJsZWZ0Ij48c3BhbiBzdHlsZT0iZm9udC1zaXplOiAxNHB0OyBmb250LWZhbWlseTogaGVsdmV0aWNhLCBhcmlhbCwgc2Fucy1zZXJpZjsiPi0gw6ggaXNjcml0dGEgYWwgcmVnaXN0cm8gZGkgdm9sb250YXJpYXRvIGRlbCBDb211bmUgZGkgQm9semFubzs8L3NwYW4+PC9wPgo8L2xpPgo8bGk+CjxwIGFsaWduPSJsZWZ0Ij48c3BhbiBzdHlsZT0iZm9udC1zaXplOiAxNHB0OyBmb250LWZhbWlseTogaGVsdmV0aWNhLCBhcmlhbCwgc2Fucy1zZXJpZjsiPi0gw6ggYWZmaWxpYXRhIGFsbGEgUmV0ZSBBc3NvY2lhdGl2YSBkZWxs4oCZQURBIE5hemlvbmFsZTs8L3NwYW4+PC9wPgo8L2xpPgo8bGk+CjxwIGFsaWduPSJsZWZ0Ij48c3BhbiBzdHlsZT0iZm9udC1zaXplOiAxNHB0OyBmb250LWZhbWlseTogaGVsdmV0aWNhLCBhcmlhbCwgc2Fucy1zZXJpZjsiPi0gw6ggYWZmaWxpYXRhIGFsIENTViBPZHYgLSBDZW50cm8gU2Vydml6aSBkZWwgVm9sb250YXJpYXRvIGRlbGzigJlBbHRvIEFkaWdlOzwvc3Bhbj48L3A+CjwvbGk+CjxsaT4KPHAgYWxpZ249ImxlZnQiPjxzcGFuIHN0eWxlPSJmb250LXNpemU6IDE0cHQ7IGZvbnQtZmFtaWx5OiBoZWx2ZXRpY2EsIGFyaWFsLCBzYW5zLXNlcmlmOyI+LSDDqCBhZmZpbGlhdGEgYWxsYTxzcGFuIHN0eWxlPSJjb2xvcjogIzAwMDAwMDsiPsKgPC9zcGFuPjxzcGFuIHN0eWxlPSJjb2xvcjogIzAwMDAwMDsiPkZlZGVyYXppb25lIHBlciBpbCBTb2NpYWxlIGUgbGEgU2FuaXTDoCBPRFYgLSBEYWNodmVyYmFuZCBmw7xyIFNvemlhbGVzIHVuZCBHZXN1bmRoZWl0IEVPIGRlbGzigJlBbHRvIEFkaWdlOzwvc3Bhbj48L3NwYW4+PC9wPgo8L2xpPgo8bGk+CjxwIGFsaWduPSJsZWZ0Ij48c3BhbiBzdHlsZT0iY29sb3I6ICMwMDAwMDA7IGZvbnQtZmFtaWx5OiBoZWx2ZXRpY2EsIGFyaWFsLCBzYW5zLXNlcmlmOyBmb250LXNpemU6IDE0cHQ7Ij4tIGFkZXJpc2NlIGFsbGEgQ29uc3VsdGEgQW56aWFuaSBkZWwgQ29tdW5lIGRpIEJvbHphbm87PC9zcGFuPjwvcD4KPC9saT4KPGxpPgo8cCBhbGlnbj0ibGVmdCI+PHNwYW4gc3R5bGU9ImNvbG9yOiAjMDAwMDAwOyBmb250LWZhbWlseTogaGVsdmV0aWNhLCBhcmlhbCwgc2Fucy1zZXJpZjsgZm9udC1zaXplOiAxNHB0OyI+LSBhZGVyaXNjZSBhbGxhIFJldGUgQW56aWFuaSBkaSBCb2x6YW5vIDs8L3NwYW4+PC9wPgo8L2xpPgo8bGk+CjxwIGFsaWduPSJsZWZ0Ij48c3BhbiBzdHlsZT0iZm9udC1zaXplOiAxNHB0OyBmb250LWZhbWlseTogaGVsdmV0aWNhLCBhcmlhbCwgc2Fucy1zZXJpZjsiPjxzcGFuIHN0eWxlPSJjb2xvcjogIzAwMDAwMDsiPi0gYWRlcmlzY2UgYWxsYSByZXRlIDwvc3Bhbj5Gb29kTmV0IEJvbHphbm8uPC9zcGFuPjwvcD4KPC9saT4KPGxpPgo8cCBhbGlnbj0ibGVmdCI+PHNwYW4gc3R5bGU9ImZvbnQtc2l6ZTogMTRwdDsgZm9udC1mYW1pbHk6IGhlbHZldGljYSwgYXJpYWwsIHNhbnMtc2VyaWY7Ij4tIHBhcnRlY2lwYSBhIHByb2dldHRpIGFuY2hlIHBlciBsYSByYWNjb2x0YSBkaSBmb25kaTwvc3Bhbj48L3A+CjwvbGk+CjxsaT4KPHAgYWxpZ249ImxlZnQiPjxzcGFuIHN0eWxlPSJmb250LXNpemU6IDE0cHQ7IGZvbnQtZmFtaWx5OiBoZWx2ZXRpY2EsIGFyaWFsLCBzYW5zLXNlcmlmOyI+LSBzdGlwdWxhIGFjY29yZGksIHByb3RvY29sbGkgb3BlcmF0aXZpIGUvbyBjb252ZW56aW9uaSBwZXIgbG8gc3ZpbHVwcG8gZGkgcHJvZ2V0dGkgY29tdW5pIGNvbiBlbnRpIHByaXZhdGkgbyBlbnRpIHB1YmJsaWNpPC9zcGFuPjwvcD4KPC9saT4KPGxpPgo8cCBhbGlnbj0ibGVmdCI+PHNwYW4gc3R5bGU9ImZvbnQtc2l6ZTogMTRwdDsiPjxzcGFuIHN0eWxlPSJmb250LWZhbWlseTogaGVsdmV0aWNhLCBhcmlhbCwgc2Fucy1zZXJpZjsiPi0gc29zdGllbmUgcHJvZ2V0dGkgZGkgdm9sb250YXJpYXRvIHByb3ZpbmNpYWxlLCB2b2xvbnRhcmlhdG8gZ2lvdmFuaWxlIGNvbiBsZSBzY3VvbGUsIHNvc3RlZ25vIGFsIGxhdm9ybyBwZXIgcHViYmxpY2EgdXRpbGl0w6A8L3NwYW4+IDwvc3Bhbj48L3A+CjwvbGk+CjwvdWw+CjxwPkxlIGluaXppYXRpdmUgcHJvcG9zdGUgc29ubyBzb3N0ZW51dGUgZGFpIHNvY2kgY29uIGlsIGNvbnRyaWJ1dG8gZGVsbCdVZmZpY2lvIEFuemlhbmkgZSBEaXN0cmV0dGkgU29jaWFsaSBkZWxsYSBQcm92aW5jaWEgZGkgQm9semFubyBlIFVmZmljaW8gQW56aWFuaSBBc3Nlc3NvcmF0byBhbGxlwqAgUG9saXRpY2hlIFNvY2lhbGkgZGVsIGNvbXVuZSBkaSBCb2x6YW5vIGUgY29uIGlsIHBhdHJvY2luaW8gZGVsIENvbXVuZSBkaSBCb2x6YW5vLjwvcD53DWNvcmUvZnJlZWZvcm13oBY8aHIgLz4KPHAgYWxpZ249ImxlZnQiPjxzcGFuIHN0eWxlPSJmb250LXNpemU6IG1lZGl1bTsiPjxpbWcgY2xhc3M9InNpemUtbWVkaXVtIHdwLWltYWdlLTM0IGFsaWdubm9uZSIgc3JjPSJodHRwczovL3d3dy5hZGFiei5pdC93cC1jb250ZW50L3VwbG9hZHMvMjAyNS8xMS9iYW5uZXItMzAweDc2LmpwZyIgYWx0PSIiIHdpZHRoPSIzMDAiIGhlaWdodD0iNzYiIC8+PC9zcGFuPjwvcD4KPHAgYWxpZ249ImxlZnQiPjxzcGFuIHN0eWxlPSJmb250LXNpemU6IDE0cHQ7IGZvbnQtZmFtaWx5OiBoZWx2ZXRpY2EsIGFyaWFsLCBzYW5zLXNlcmlmOyI+TOKAmSBhc3NvY2lhemlvbmUgQURBL1ZSUzo8L3NwYW4+PC9wPgo8dWw+CjxsaT4KPHAgYWxpZ249ImxlZnQiPjxzcGFuIHN0eWxlPSJmb250LXNpemU6IDE0cHQ7IGZvbnQtZmFtaWx5OiBoZWx2ZXRpY2EsIGFyaWFsLCBzYW5zLXNlcmlmOyI+LSDDqCBpc2NyaXR0YSBhbCBSVU5UUywgUmVnaXN0cm8gTmF6aW9uYWxlIFRlcnpvIFNldHRvcmU7PC9zcGFuPjwvcD4KPC9saT4KPGxpPgo8cCBhbGlnbj0ibGVmdCI+PHNwYW4gc3R5bGU9ImZvbnQtc2l6ZTogMTRwdDsgZm9udC1mYW1pbHk6IGhlbHZldGljYSwgYXJpYWwsIHNhbnMtc2VyaWY7Ij4tIMOoIGlzY3JpdHRhIGFsIHJlZ2lzdHJvIGRpIHZvbG9udGFyaWF0byBkZWwgQ29tdW5lIGRpIEJvbHphbm87PC9zcGFuPjwvcD4KPC9saT4KPGxpPgo8cCBhbGlnbj0ibGVmdCI+PHNwYW4gc3R5bGU9ImZvbnQtc2l6ZTogMTRwdDsgZm9udC1mYW1pbHk6IGhlbHZldGljYSwgYXJpYWwsIHNhbnMtc2VyaWY7Ij4tIMOoIGFmZmlsaWF0YSBhbGxhIFJldGUgQXNzb2NpYXRpdmEgZGVsbOKAmUFEQSBOYXppb25hbGU7PC9zcGFuPjwvcD4KPC9saT4KPGxpPgo8cCBhbGlnbj0ibGVmdCI+PHNwYW4gc3R5bGU9ImZvbnQtc2l6ZTogMTRwdDsgZm9udC1mYW1pbHk6IGhlbHZldGljYSwgYXJpYWwsIHNhbnMtc2VyaWY7Ij4tIMOoIGFmZmlsaWF0YSBhbCBDU1YgT2R2IC0gQ2VudHJvIFNlcnZpemkgZGVsIFZvbG9udGFyaWF0byBkZWxs4oCZQWx0byBBZGlnZTs8L3NwYW4+PC9wPgo8L2xpPgo8bGk+CjxwIGFsaWduPSJsZWZ0Ij48c3BhbiBzdHlsZT0iZm9udC1zaXplOiAxNHB0OyBmb250LWZhbWlseTogaGVsdmV0aWNhLCBhcmlhbCwgc2Fucy1zZXJpZjsiPi0gw6ggYWZmaWxpYXRhIGFsbGE8c3BhbiBzdHlsZT0iY29sb3I6ICMwMDAwMDA7Ij7CoDwvc3Bhbj48c3BhbiBzdHlsZT0iY29sb3I6ICMwMDAwMDA7Ij5GZWRlcmF6aW9uZSBwZXIgaWwgU29jaWFsZSBlIGxhIFNhbml0w6AgT0RWIC0gRGFjaHZlcmJhbmQgZsO8ciBTb3ppYWxlcyB1bmQgR2VzdW5kaGVpdCBFTyBkZWxs4oCZQWx0byBBZGlnZTs8L3NwYW4+PC9zcGFuPjwvcD4KPC9saT4KPGxpPgo8cCBhbGlnbj0ibGVmdCI+PHNwYW4gc3R5bGU9ImNvbG9yOiAjMDAwMDAwOyBmb250LWZhbWlseTogaGVsdmV0aWNhLCBhcmlhbCwgc2Fucy1zZXJpZjsgZm9udC1zaXplOiAxNHB0OyI+LSBhZGVyaXNjZSBhbGxhIENvbnN1bHRhIEFuemlhbmkgZGVsIENvbXVuZSBkaSBCb2x6YW5vOzwvc3Bhbj48L3A+CjwvbGk+CjxsaT4KPHAgYWxpZ249ImxlZnQiPjxzcGFuIHN0eWxlPSJjb2xvcjogIzAwMDAwMDsgZm9udC1mYW1pbHk6IGhlbHZldGljYSwgYXJpYWwsIHNhbnMtc2VyaWY7IGZvbnQtc2l6ZTogMTRwdDsiPi0gYWRlcmlzY2UgYWxsYSBSZXRlIEFuemlhbmkgZGkgQm9semFubyA7PC9zcGFuPjwvcD4KPC9saT4KPGxpPgo8cCBhbGlnbj0ibGVmdCI+PHNwYW4gc3R5bGU9ImZvbnQtc2l6ZTogMTRwdDsgZm9udC1mYW1pbHk6IGhlbHZldGljYSwgYXJpYWwsIHNhbnMtc2VyaWY7Ij48c3BhbiBzdHlsZT0iY29sb3I6ICMwMDAwMDA7Ij4tIGFkZXJpc2NlIGFsbGEgcmV0ZSA8L3NwYW4+Rm9vZE5ldCBCb2x6YW5vLjwvc3Bhbj48L3A+CjwvbGk+CjxsaT4KPHAgYWxpZ249ImxlZnQiPjxzcGFuIHN0eWxlPSJmb250LXNpemU6IDE0cHQ7IGZvbnQtZmFtaWx5OiBoZWx2ZXRpY2EsIGFyaWFsLCBzYW5zLXNlcmlmOyI+LSBwYXJ0ZWNpcGEgYSBwcm9nZXR0aSBhbmNoZSBwZXIgbGEgcmFjY29sdGEgZGkgZm9uZGk8L3NwYW4+PC9wPgo8L2xpPgo8bGk+CjxwIGFsaWduPSJsZWZ0Ij48c3BhbiBzdHlsZT0iZm9udC1zaXplOiAxNHB0OyBmb250LWZhbWlseTogaGVsdmV0aWNhLCBhcmlhbCwgc2Fucy1zZXJpZjsiPi0gc3RpcHVsYSBhY2NvcmRpLCBwcm90b2NvbGxpIG9wZXJhdGl2aSBlL28gY29udmVuemlvbmkgcGVyIGxvIHN2aWx1cHBvIGRpIHByb2dldHRpIGNvbXVuaSBjb24gZW50aSBwcml2YXRpIG8gZW50aSBwdWJibGljaTwvc3Bhbj48L3A+CjwvbGk+CjxsaT4KPHAgYWxpZ249ImxlZnQiPjxzcGFuIHN0eWxlPSJmb250LXNpemU6IDE0cHQ7Ij48c3BhbiBzdHlsZT0iZm9udC1mYW1pbHk6IGhlbHZldGljYSwgYXJpYWwsIHNhbnMtc2VyaWY7Ij4tIHNvc3RpZW5lIHByb2dldHRpIGRpIHZvbG9udGFyaWF0byBwcm92aW5jaWFsZSwgdm9sb250YXJpYXRvIGdpb3ZhbmlsZSBjb24gbGUgc2N1b2xlLCBzb3N0ZWdubyBhbCBsYXZvcm8gcGVyIHB1YmJsaWNhIHV0aWxpdMOgPC9zcGFuPiA8L3NwYW4+PC9wPgo8L2xpPgo8L3VsPgo8cD5MZSBpbml6aWF0aXZlIHByb3Bvc3RlIHNvbm8gc29zdGVudXRlIGRhaSBzb2NpIGNvbiBpbCBjb250cmlidXRvIGRlbGwnVWZmaWNpbyBBbnppYW5pIGUgRGlzdHJldHRpIFNvY2lhbGkgZGVsbGEgUHJvdmluY2lhIGRpIEJvbHphbm8gZSBVZmZpY2lvIEFuemlhbmkgQXNzZXNzb3JhdG8gYWxsZcKgIFBvbGl0aWNoZSBTb2NpYWxpIGRlbCBjb211bmUgZGkgQm9semFubyBlIGNvbiBpbCBwYXRyb2NpbmlvIGRlbCBDb211bmUgZGkgQm9semFuby48L3A+AA==\",\"updateId\":279537613}","jetpack_post_was_ever_published":false,"footnotes":""},"class_list":["post-263","page","type-page","status-publish","hentry","post"],"jetpack_sharing_enabled":true,"_links":{"self":[{"href":"https:\/\/www.adabz.it\/index.php?rest_route=\/wp\/v2\/pages\/263","targetHints":{"allow":["GET"]}}],"collection":[{"href":"https:\/\/www.adabz.it\/index.php?rest_route=\/wp\/v2\/pages"}],"about":[{"href":"https:\/\/www.adabz.it\/index.php?rest_route=\/wp\/v2\/types\/page"}],"author":[{"embeddable":true,"href":"https:\/\/www.adabz.it\/index.php?rest_route=\/wp\/v2\/users\/2"}],"replies":[{"embeddable":true,"href":"https:\/\/www.adabz.it\/index.php?rest_route=%2Fwp%2Fv2%2Fcomments&post=263"}],"version-history":[{"count":9,"href":"https:\/\/www.adabz.it\/index.php?rest_route=\/wp\/v2\/pages\/263\/revisions"}],"predecessor-version":[{"id":893,"href":"https:\/\/www.adabz.it\/index.php?rest_route=\/wp\/v2\/pages\/263\/revisions\/893"}],"wp:attachment":[{"href":"https:\/\/www.adabz.it\/index.php?rest_route=%2Fwp%2Fv2%2Fmedia&parent=263"}],"curies":[{"name":"wp","href":"https:\/\/api.w.org\/{rel}","templated":true}]}}