{"id":191,"date":"2025-11-24T20:50:34","date_gmt":"2025-11-24T19:50:34","guid":{"rendered":"https:\/\/www.adabz.it\/?page_id=191"},"modified":"2025-12-09T21:31:15","modified_gmt":"2025-12-09T20:31:15","slug":"trasporto-solidale","status":"publish","type":"page","link":"https:\/\/www.adabz.it\/?page_id=191","title":{"rendered":"Trasporto solidale"},"content":{"rendered":"<hr \/>\n<p><span style=\"font-size: 14pt; font-family: helvetica, arial, sans-serif;\"><strong><img loading=\"lazy\" decoding=\"async\" class=\"size-medium wp-image-162 alignleft\" src=\"https:\/\/www.adabz.it\/wp-content\/uploads\/2025\/11\/furgone2-1-300x225.jpg\" alt=\"\" width=\"300\" height=\"225\" srcset=\"https:\/\/www.adabz.it\/wp-content\/uploads\/2025\/11\/furgone2-1-300x225.jpg 300w, https:\/\/www.adabz.it\/wp-content\/uploads\/2025\/11\/furgone2-1-1024x768.jpg 1024w, https:\/\/www.adabz.it\/wp-content\/uploads\/2025\/11\/furgone2-1-768x576.jpg 768w, https:\/\/www.adabz.it\/wp-content\/uploads\/2025\/11\/furgone2-1.jpg 1280w\" sizes=\"auto, (max-width: 300px) 100vw, 300px\" \/>L\u2019Associazione ADA-VRS<\/strong> in collaborazione con le Associazioni Auser,\u00a0 Anteas ed il patrocinio dell\u2019Azienda Servizi Sociali di Bolzano offre un servizio gratuito di trasporto per gli anziani residenti nel comune di Bolzano.<\/span><\/p>\n<p><span style=\"font-size: 14pt; font-family: helvetica, arial, sans-serif;\">Il servizio permette di raggiungere i luoghi di cura (ospedale cliniche private, centri di riabilitazione e fisioterapia), i distretti socio-sanitari, il cimitero o altro luogo di destinazione prenotando il viaggio di andata e quello di ritorno con almeno 48 ore di anticipo.<\/span><\/p>\n<p><span style=\"font-size: 14pt; font-family: helvetica, arial, sans-serif;\"><strong>La prenotazione si effettua<\/strong> con una telefonata <\/span><span style=\"font-size: 14pt; font-family: helvetica, arial, sans-serif;\">al numero<\/span><\/p>\n<p><span style=\"font-size: 14pt; font-family: helvetica, arial, sans-serif;\"><strong>\u00a0 \u00a0 \u00a0 \u00a0 \u00a00471- 92 30 75<\/strong> dalle ore <strong>9.00 alle ore 12.30 dal luned\u00ec al venerd\u00ec<\/strong><\/span><\/p>\n<p><span style=\"font-size: 14pt; font-family: helvetica, arial, sans-serif;\">Si pu\u00f2 usufruire della segreteria telefonica che \u00e8 attiva durate tutto il giorno per richiedere un trasporto che comunque dovr\u00e0 essere confermato dai nostri operatori.<\/span><\/p>\n<p>Possono essere effettuati anche trasporti spesa a domicilio previo contatto telefonico 0471 923075<\/p>\n","protected":false},"excerpt":{"rendered":"<p>L\u2019Associazione ADA-VRS in collaborazione con le Associazioni Auser,\u00a0 Anteas ed il patrocinio dell\u2019Azienda Servizi Sociali di Bolzano offre un servizio gratuito di trasporto per gli anziani residenti nel comune di Bolzano. Il servizio permette di raggiungere i luoghi di cura (ospedale cliniche private, centri di riabilitazione e fisioterapia), i distretti [&hellip;]<\/p>\n","protected":false},"author":2,"featured_media":0,"parent":80,"menu_order":7,"comment_status":"closed","ping_status":"closed","template":"","meta":{"_crdt_document":"","jetpack_post_was_ever_published":false,"footnotes":""},"class_list":["post-191","page","type-page","status-publish","hentry","post"],"jetpack_sharing_enabled":true,"_links":{"self":[{"href":"https:\/\/www.adabz.it\/index.php?rest_route=\/wp\/v2\/pages\/191","targetHints":{"allow":["GET"]}}],"collection":[{"href":"https:\/\/www.adabz.it\/index.php?rest_route=\/wp\/v2\/pages"}],"about":[{"href":"https:\/\/www.adabz.it\/index.php?rest_route=\/wp\/v2\/types\/page"}],"author":[{"embeddable":true,"href":"https:\/\/www.adabz.it\/index.php?rest_route=\/wp\/v2\/users\/2"}],"replies":[{"embeddable":true,"href":"https:\/\/www.adabz.it\/index.php?rest_route=%2Fwp%2Fv2%2Fcomments&post=191"}],"version-history":[{"count":4,"href":"https:\/\/www.adabz.it\/index.php?rest_route=\/wp\/v2\/pages\/191\/revisions"}],"predecessor-version":[{"id":500,"href":"https:\/\/www.adabz.it\/index.php?rest_route=\/wp\/v2\/pages\/191\/revisions\/500"}],"up":[{"embeddable":true,"href":"https:\/\/www.adabz.it\/index.php?rest_route=\/wp\/v2\/pages\/80"}],"wp:attachment":[{"href":"https:\/\/www.adabz.it\/index.php?rest_route=%2Fwp%2Fv2%2Fmedia&parent=191"}],"curies":[{"name":"wp","href":"https:\/\/api.w.org\/{rel}","templated":true}]}}