{"id":183,"date":"2025-11-24T20:48:04","date_gmt":"2025-11-24T19:48:04","guid":{"rendered":"https:\/\/www.adabz.it\/?page_id=183"},"modified":"2025-12-09T21:31:02","modified_gmt":"2025-12-09T20:31:02","slug":"biblioteca","status":"publish","type":"page","link":"https:\/\/www.adabz.it\/?page_id=183","title":{"rendered":"Biblioteca"},"content":{"rendered":"\n<div class=\"wp-block-media-text is-stacked-on-mobile\"><figure class=\"wp-block-media-text__media\"><img loading=\"lazy\" decoding=\"async\" width=\"680\" height=\"510\" src=\"https:\/\/www.adabz.it\/wp-content\/uploads\/2025\/12\/adabiblio-1.jpg\" alt=\"\" class=\"wp-image-409 size-full\" srcset=\"https:\/\/www.adabz.it\/wp-content\/uploads\/2025\/12\/adabiblio-1.jpg 680w, https:\/\/www.adabz.it\/wp-content\/uploads\/2025\/12\/adabiblio-1-300x225.jpg 300w\" sizes=\"auto, (max-width: 680px) 100vw, 680px\" \/><\/figure><div class=\"wp-block-media-text__content\">\n<p class=\"has-text-align-center wp-block-paragraph\"><em>La biblioteca<\/em> <em>sullo sfondo della saletta dell&#8217;Associazione<\/em><\/p>\n<\/div><\/div>\n\n\n\n<p class=\"wp-block-paragraph\">Nella sala dell\u2019Associazione \u00e8 stata predisposta una biblioteca, nella quale \u00e8 possibile ai soci consultare o prendere in prestito libri. I testi che sono stati catalogati sono solo romanzi: una scelta operata tre anni fa, dati gli interessi principali legati alla fascia di et\u00e0 dei soci dell\u2019ADA.<\/p>\n\n\n\n<p class=\"has-medium-font-size wp-block-paragraph\"><strong>Orario biblioteca mercoled\u00ec mattina 09.30-12.00<\/strong><\/p>\n\n\n\n<p class=\"wp-block-paragraph\">I libri contenuti negli scaffali della biblioteca sono al momento pi\u00f9 di 1200 e non sono stati acquistati, ma donati da soci e altre persone che non li usavano pi\u00f9.<\/p>\n\n\n\n<p class=\"wp-block-paragraph\">La biblioteca \u00e8 nata grazie al lavoro di due ragazzi che hanno fatto attivit\u00e0 di volontariato nell&#8217;Associazione. Tre anni fa i libri sono stati riordinati, utilizzando una codifica molto semplice e in continuit\u00e0 con quella precedente. Utilizziamo un programma essenziale che permette la ricerca di un testo per codice, per titolo o per autore.<\/p>\n\n\n\n<p class=\"wp-block-paragraph\">All&#8217;esterno dell&#8217;Associazione \u00e8 stato predisposto su un tavolino un cesto con libri gi\u00e0 presenti in biblioteca o non di interesse per la nostra attivit\u00e0 che possono essere presi liberamente.<\/p>\n\n\n\n<p class=\"wp-block-paragraph\"><\/p>\n\n\n\n<p class=\"wp-block-paragraph\"><\/p>\n","protected":false},"excerpt":{"rendered":"<p>La biblioteca sullo sfondo della saletta dell&#8217;Associazione Nella sala dell\u2019Associazione \u00e8 stata predisposta una biblioteca, nella quale \u00e8 possibile ai soci consultare o prendere in prestito libri. I testi che sono stati catalogati sono solo romanzi: una scelta operata tre anni fa, dati gli interessi principali legati alla fascia di [&hellip;]<\/p>\n","protected":false},"author":2,"featured_media":0,"parent":80,"menu_order":5,"comment_status":"closed","ping_status":"closed","template":"","meta":{"_crdt_document":"","jetpack_post_was_ever_published":false,"footnotes":""},"class_list":["post-183","page","type-page","status-publish","hentry","post"],"jetpack_sharing_enabled":true,"_links":{"self":[{"href":"https:\/\/www.adabz.it\/index.php?rest_route=\/wp\/v2\/pages\/183","targetHints":{"allow":["GET"]}}],"collection":[{"href":"https:\/\/www.adabz.it\/index.php?rest_route=\/wp\/v2\/pages"}],"about":[{"href":"https:\/\/www.adabz.it\/index.php?rest_route=\/wp\/v2\/types\/page"}],"author":[{"embeddable":true,"href":"https:\/\/www.adabz.it\/index.php?rest_route=\/wp\/v2\/users\/2"}],"replies":[{"embeddable":true,"href":"https:\/\/www.adabz.it\/index.php?rest_route=%2Fwp%2Fv2%2Fcomments&post=183"}],"version-history":[{"count":5,"href":"https:\/\/www.adabz.it\/index.php?rest_route=\/wp\/v2\/pages\/183\/revisions"}],"predecessor-version":[{"id":494,"href":"https:\/\/www.adabz.it\/index.php?rest_route=\/wp\/v2\/pages\/183\/revisions\/494"}],"up":[{"embeddable":true,"href":"https:\/\/www.adabz.it\/index.php?rest_route=\/wp\/v2\/pages\/80"}],"wp:attachment":[{"href":"https:\/\/www.adabz.it\/index.php?rest_route=%2Fwp%2Fv2%2Fmedia&parent=183"}],"curies":[{"name":"wp","href":"https:\/\/api.w.org\/{rel}","templated":true}]}}